{"id":2279,"date":"2023-09-08T15:57:44","date_gmt":"2023-09-08T13:57:44","guid":{"rendered":"https:\/\/infopiek.pl\/infopiek-onlineshop-b2b-b2c\/"},"modified":"2024-01-30T14:01:53","modified_gmt":"2024-01-30T13:01:53","slug":"infopiek-onlineshop-b2b-b2c","status":"publish","type":"page","link":"https:\/\/infopiek.pl\/de\/infopiek-onlineshop-b2b-b2c\/","title":{"rendered":"InfoPiek Onlineshop B2B\/B2C"},"content":{"rendered":"\n<p>\n<style>.kadence-column757_fd65ee-ce > .kt-inside-inner-col{padding-top:100px;padding-bottom:100px;}.kadence-column757_fd65ee-ce > .kt-inside-inner-col,.kadence-column757_fd65ee-ce > .kt-inside-inner-col:before{border-top-left-radius:0px;border-top-right-radius:0px;border-bottom-right-radius:0px;border-bottom-left-radius:0px;}.kadence-column757_fd65ee-ce > .kt-inside-inner-col{column-gap:var(--global-kb-gap-sm, 1rem);}.kadence-column757_fd65ee-ce > .kt-inside-inner-col{flex-direction:column;}.kadence-column757_fd65ee-ce > .kt-inside-inner-col > .aligncenter{width:100%;}.kadence-column757_fd65ee-ce > .kt-inside-inner-col{background-image:url('https:\/\/infopiek.pl\/wp-content\/uploads\/2023\/09\/ada-banner.jpg');background-size:cover;background-position:center center;background-attachment:scroll;background-repeat:no-repeat;}.kadence-column757_fd65ee-ce > .kt-inside-inner-col:before{opacity:0.3;}.kadence-column757_fd65ee-ce{position:relative;}@media all and (max-width: 1024px){.kadence-column757_fd65ee-ce > .kt-inside-inner-col{padding-top:80px;padding-bottom:80px;flex-direction:column;justify-content:center;}}@media all and (max-width: 767px){.kadence-column757_fd65ee-ce > .kt-inside-inner-col{padding-top:60px;padding-bottom:60px;flex-direction:column;justify-content:center;}}<\/style>\n<\/p>\n<div class=\"wp-block-kadence-column kadence-column757_fd65ee-ce Container Container--wider\">\n<div class=\"kt-inside-inner-col\">\n<style>.wp-block-kadence-advancedheading.kt-adv-heading757_6d5141-d6, .wp-block-kadence-advancedheading.kt-adv-heading757_6d5141-d6[data-kb-block=\"kb-adv-heading757_6d5141-d6\"]{text-align:center;font-style:normal;}.wp-block-kadence-advancedheading.kt-adv-heading757_6d5141-d6 mark.kt-highlight, .wp-block-kadence-advancedheading.kt-adv-heading757_6d5141-d6[data-kb-block=\"kb-adv-heading757_6d5141-d6\"] mark.kt-highlight{font-style:normal;color:#f76a0c;-webkit-box-decoration-break:clone;box-decoration-break:clone;padding-top:0px;padding-right:0px;padding-bottom:0px;padding-left:0px;}.wp-block-kadence-advancedheading.kt-adv-heading757_6d5141-d6 img.kb-inline-image, .wp-block-kadence-advancedheading.kt-adv-heading757_6d5141-d6[data-kb-block=\"kb-adv-heading757_6d5141-d6\"] img.kb-inline-image{width:150px;vertical-align:baseline;}<\/style>\n<h4 class=\"kt-adv-heading757_6d5141-d6 text-gradient-blue wp-block-kadence-advancedheading\" data-kb-block=\"kb-adv-heading757_6d5141-d6\">\u00a0<\/h4>\n\n \n<style>.wp-block-kadence-advancedheading.kt-adv-heading757_3a966f-6d, .wp-block-kadence-advancedheading.kt-adv-heading757_3a966f-6d[data-kb-block=\"kb-adv-heading757_3a966f-6d\"]{margin-bottom:24px;text-align:center;font-style:normal;}.wp-block-kadence-advancedheading.kt-adv-heading757_3a966f-6d mark.kt-highlight, .wp-block-kadence-advancedheading.kt-adv-heading757_3a966f-6d[data-kb-block=\"kb-adv-heading757_3a966f-6d\"] mark.kt-highlight{font-style:normal;color:#f76a0c;-webkit-box-decoration-break:clone;box-decoration-break:clone;padding-top:0px;padding-right:0px;padding-bottom:0px;padding-left:0px;}.wp-block-kadence-advancedheading.kt-adv-heading757_3a966f-6d img.kb-inline-image, .wp-block-kadence-advancedheading.kt-adv-heading757_3a966f-6d[data-kb-block=\"kb-adv-heading757_3a966f-6d\"] img.kb-inline-image{width:150px;vertical-align:baseline;}<\/style>\n<h1 class=\"kt-adv-heading757_3a966f-6d wp-block-kadence-advancedheading\" data-kb-block=\"kb-adv-heading757_3a966f-6d\">Onlineshop B2B\/B2C<\/h1>\n\n \n<style>.wp-block-kadence-advancedheading.kt-adv-heading757_f38b97-bd, .wp-block-kadence-advancedheading.kt-adv-heading757_f38b97-bd[data-kb-block=\"kb-adv-heading757_f38b97-bd\"]{max-width:668px;margin-right:auto;margin-left:auto;margin-bottom:40px;text-align:center;font-style:normal;}.wp-block-kadence-advancedheading.kt-adv-heading757_f38b97-bd mark.kt-highlight, .wp-block-kadence-advancedheading.kt-adv-heading757_f38b97-bd[data-kb-block=\"kb-adv-heading757_f38b97-bd\"] mark.kt-highlight{font-style:normal;color:#f76a0c;-webkit-box-decoration-break:clone;box-decoration-break:clone;padding-top:0px;padding-right:0px;padding-bottom:0px;padding-left:0px;}.wp-block-kadence-advancedheading.kt-adv-heading757_f38b97-bd img.kb-inline-image, .wp-block-kadence-advancedheading.kt-adv-heading757_f38b97-bd[data-kb-block=\"kb-adv-heading757_f38b97-bd\"] img.kb-inline-image{width:150px;vertical-align:baseline;}<\/style>\n<p class=\"kt-adv-heading757_f38b97-bd wp-block-kadence-advancedheading\" data-kb-block=\"kb-adv-heading757_f38b97-bd\">\u00a0<\/p>\n\n \n<div class=\"btn-container flex justify-center\">\n\t<a href=\"#zobacz-wiecej\" class=\"Button border-gradient-blue \" target=\"_self\">\n\t\tMehr sehen \u2193\n\t<\/a>\n<\/div>\n\n \n<style>.wp-block-kadence-image.kb-image757_c0650c-8f:not(.kb-specificity-added):not(.kb-extra-specificity-added){margin-top:60px;margin-bottom:0px;}.kb-image757_c0650c-8f .kb-image-has-overlay:after{opacity:0.3;}@media all and (max-width: 767px){.wp-block-kadence-image.kb-image757_c0650c-8f:not(.kb-specificity-added):not(.kb-extra-specificity-added){margin-top:30px;}}<\/style>\n<div class=\"wp-block-kadence-image kb-image757_c0650c-8f\">\n<figure class=\"aligncenter size-large image-is-svg\"><img loading=\"lazy\" decoding=\"async\" width=\"280\" height=\"40\" class=\"kb-img wp-image-1425\" src=\"https:\/\/infopiek.pl\/wp-content\/uploads\/2023\/09\/logo-ada-anti-fraud-1.svg\" alt=\"\"><\/figure>\n<\/div>\n\n<\/div>\n<\/div>\n<p>\n\n \n<style>.kadence-column757_affd26-db > .kt-inside-inner-col,.kadence-column757_affd26-db > .kt-inside-inner-col:before{border-top-left-radius:0px;border-top-right-radius:0px;border-bottom-right-radius:0px;border-bottom-left-radius:0px;}.kadence-column757_affd26-db > .kt-inside-inner-col{column-gap:var(--global-kb-gap-sm, 1rem);}.kadence-column757_affd26-db > .kt-inside-inner-col{flex-direction:column;}.kadence-column757_affd26-db > .kt-inside-inner-col > .aligncenter{width:100%;}.kadence-column757_affd26-db > .kt-inside-inner-col:before{opacity:0.3;}.kadence-column757_affd26-db{position:relative;}@media all and (max-width: 1024px){.kadence-column757_affd26-db > .kt-inside-inner-col{flex-direction:column;justify-content:center;}}@media all and (max-width: 767px){.kadence-column757_affd26-db > .kt-inside-inner-col{flex-direction:column;justify-content:center;}}<\/style>\n<\/p>\n<div id=\"zobacz-wiecej\" class=\"wp-block-kadence-column kadence-column757_affd26-db Container Container--wider\">\n<div class=\"kt-inside-inner-col\">\n<style>.kadence-column757_4d5096-b6 > .kt-inside-inner-col,.kadence-column757_4d5096-b6 > .kt-inside-inner-col:before{border-top-left-radius:0px;border-top-right-radius:0px;border-bottom-right-radius:0px;border-bottom-left-radius:0px;}.kadence-column757_4d5096-b6 > .kt-inside-inner-col{column-gap:var(--global-kb-gap-sm, 1rem);}.kadence-column757_4d5096-b6 > .kt-inside-inner-col{flex-direction:column;}.kadence-column757_4d5096-b6 > .kt-inside-inner-col > .aligncenter{width:100%;}.kadence-column757_4d5096-b6 > .kt-inside-inner-col:before{opacity:0.3;}.kadence-column757_4d5096-b6{position:relative;}.kadence-column757_4d5096-b6, .kt-inside-inner-col > .kadence-column757_4d5096-b6:not(.specificity){margin-top:20px;margin-bottom:90px;}@media all and (max-width: 1024px){.kadence-column757_4d5096-b6 > .kt-inside-inner-col{flex-direction:column;justify-content:center;}}@media all and (max-width: 1024px){.kadence-column757_4d5096-b6, .kt-inside-inner-col > .kadence-column757_4d5096-b6:not(.specificity){margin-bottom:60px;}}@media all and (max-width: 767px){.kadence-column757_4d5096-b6 > .kt-inside-inner-col{flex-direction:column;justify-content:center;}.kadence-column757_4d5096-b6, .kt-inside-inner-col > .kadence-column757_4d5096-b6:not(.specificity){margin-bottom:40px;}}<\/style>\n<div class=\"wp-block-kadence-column kadence-column757_4d5096-b6\">\n<div class=\"kt-inside-inner-col\">\n<style>.kb-row-layout-id757_df11b2-2a > .kt-row-column-wrap{align-content:center;}:where(.kb-row-layout-id757_df11b2-2a > .kt-row-column-wrap) > .wp-block-kadence-column{justify-content:center;}.kb-row-layout-id757_df11b2-2a > .kt-row-column-wrap{column-gap:var(--global-kb-gap-md, 2rem);row-gap:var(--global-kb-gap-md, 2rem);padding-top:var(--global-kb-spacing-sm, 1.5rem);padding-bottom:var(--global-kb-spacing-sm, 1.5rem);grid-template-columns:minmax(0, calc(40% - ((var(--global-kb-gap-md, 2rem) * 1 )\/2)))minmax(0, calc(60% - ((var(--global-kb-gap-md, 2rem) * 1 )\/2)));}.kb-row-layout-id757_df11b2-2a > .kt-row-layout-overlay{opacity:0.30;}@media all and (max-width: 1024px){.kb-row-layout-id757_df11b2-2a > .kt-row-column-wrap{grid-template-columns:repeat(2, minmax(0, 1fr));}}@media all and (max-width: 767px){.kb-row-layout-id757_df11b2-2a > .kt-row-column-wrap{grid-template-columns:minmax(0, 1fr);}}<\/style><div class=\"kb-row-layout-wrap kb-row-layout-id757_df11b2-2a alignnone wp-block-kadence-rowlayout\"><div class=\"kt-row-column-wrap kt-has-2-columns kt-row-layout-equal kt-tab-layout-inherit kt-mobile-layout-row kt-row-valign-middle\">\n<style>.kadence-column757_4c575a-4c > .kt-inside-inner-col{padding-right:50px;}.kadence-column757_4c575a-4c > .kt-inside-inner-col,.kadence-column757_4c575a-4c > .kt-inside-inner-col:before{border-top-left-radius:0px;border-top-right-radius:0px;border-bottom-right-radius:0px;border-bottom-left-radius:0px;}.kadence-column757_4c575a-4c > .kt-inside-inner-col{column-gap:var(--global-kb-gap-sm, 1rem);}.kadence-column757_4c575a-4c > .kt-inside-inner-col{flex-direction:column;}.kadence-column757_4c575a-4c > .kt-inside-inner-col > .aligncenter{width:100%;}.kadence-column757_4c575a-4c > .kt-inside-inner-col:before{opacity:0.3;}.kadence-column757_4c575a-4c{position:relative;}@media all and (max-width: 1024px){.kadence-column757_4c575a-4c > .kt-inside-inner-col{padding-right:0px;flex-direction:column;justify-content:center;}}@media all and (max-width: 767px){.kadence-column757_4c575a-4c > .kt-inside-inner-col{flex-direction:column;justify-content:center;}}<\/style>\n<div class=\"wp-block-kadence-column kadence-column757_4c575a-4c\">\n<div class=\"kt-inside-inner-col\">\n<style>.wp-block-kadence-advancedheading.kt-adv-heading757_0f0059-73, .wp-block-kadence-advancedheading.kt-adv-heading757_0f0059-73[data-kb-block=\"kb-adv-heading757_0f0059-73\"]{font-style:normal;}.wp-block-kadence-advancedheading.kt-adv-heading757_0f0059-73 mark.kt-highlight, .wp-block-kadence-advancedheading.kt-adv-heading757_0f0059-73[data-kb-block=\"kb-adv-heading757_0f0059-73\"] mark.kt-highlight{font-style:normal;color:#f76a0c;-webkit-box-decoration-break:clone;box-decoration-break:clone;padding-top:0px;padding-right:0px;padding-bottom:0px;padding-left:0px;}.wp-block-kadence-advancedheading.kt-adv-heading757_0f0059-73 img.kb-inline-image, .wp-block-kadence-advancedheading.kt-adv-heading757_0f0059-73[data-kb-block=\"kb-adv-heading757_0f0059-73\"] img.kb-inline-image{width:150px;vertical-align:baseline;}<\/style>\n<h2 class=\"kt-adv-heading757_0f0059-73 wp-block-kadence-advancedheading\" data-kb-block=\"kb-adv-heading757_0f0059-73\">Im Onlineshop bestellen<\/h2>\n\n \n\n<p>Ein Filialmitarbeiter m\u00f6chte nach Belieben eine Online-Bestellung aufgeben? Im OnlineShop-Modul k\u00f6nnen Sie die Produkte, die Sie ben\u00f6tigen, am n\u00e4chsten Tag bestellen, Sie m\u00fcssen nicht anrufen \u2013 Sie entscheiden, wann Sie bestellen.<\/p>\n<p>Dies ist nicht das Ende der Annehmlichkeiten. F\u00fcr diejenigen, denen der Tag zu kurz ist, haben wir noch eine L\u00f6sung. Unser System ist in den ADA++ -Algorithmus integriert, der auf der Grundlage Ihrer Kaufhistorie eine Liste der Produkte f\u00fcr Sie erstellt. Am Ende genehmigen Sie jedoch die Bestellung und entscheiden, was Sie bestellen.<\/p>\n<p>Unabh\u00e4ngig davon, ob Sie die manuelle Bestellung im Gesch\u00e4ft oder den ADA++ -Support verwenden, haben Sie immer die volle Kontrolle \u00fcber das endg\u00fcltige Bestellformular<\/p>\n<p>Sind Sie Eigent\u00fcmer eines Wohngesch\u00e4fts, eines Firmengesch\u00e4fts oder Franchisenehmer? Testen Sie diese L\u00f6sung bei sich. Setzen Sie auf Bequemlichkeit.<\/p>\n\n<\/div>\n<\/div>\n\n \n<style>.kadence-column757_12f485-f2 > .kt-inside-inner-col,.kadence-column757_12f485-f2 > .kt-inside-inner-col:before{border-top-left-radius:0px;border-top-right-radius:0px;border-bottom-right-radius:0px;border-bottom-left-radius:0px;}.kadence-column757_12f485-f2 > .kt-inside-inner-col{column-gap:var(--global-kb-gap-sm, 1rem);}.kadence-column757_12f485-f2 > .kt-inside-inner-col{flex-direction:column;}.kadence-column757_12f485-f2 > .kt-inside-inner-col > .aligncenter{width:100%;}.kadence-column757_12f485-f2 > .kt-inside-inner-col:before{opacity:0.3;}.kadence-column757_12f485-f2{position:relative;}@media all and (max-width: 1024px){.kadence-column757_12f485-f2 > .kt-inside-inner-col{flex-direction:column;justify-content:center;}}@media all and (max-width: 767px){.kadence-column757_12f485-f2 > .kt-inside-inner-col{flex-direction:column;justify-content:center;}}<\/style>\n<div class=\"wp-block-kadence-column kadence-column757_12f485-f2\">\n<div class=\"kt-inside-inner-col\">\n<style>.kb-image757_fc2ca0-79 .kb-image-has-overlay:after{opacity:0.3;}<\/style>\n<div class=\"wp-block-kadence-image kb-image757_fc2ca0-79\">\n<figure class=\"aligncenter size-full\"><img loading=\"lazy\" decoding=\"async\" class=\"kb-img alignnone wp-image-1533 size-full\" src=\"https:\/\/infopiek.pl\/wp-content\/uploads\/2023\/09\/touch-moon-1.jpg\" alt=\"\" width=\"968\" height=\"728\" srcset=\"https:\/\/infopiek.pl\/wp-content\/uploads\/2023\/09\/touch-moon-1.jpg 968w, https:\/\/infopiek.pl\/wp-content\/uploads\/2023\/09\/touch-moon-1-300x226.jpg 300w, https:\/\/infopiek.pl\/wp-content\/uploads\/2023\/09\/touch-moon-1-768x578.jpg 768w\" sizes=\"auto, (max-width: 968px) 100vw, 968px\" \/><\/figure>\n<\/div>\n\n<\/div>\n<\/div>\n\n<\/div><\/div>\n<\/div>\n<\/div>\n\n \n<style>.kadence-column757_fae48f-c1 > .kt-inside-inner-col,.kadence-column757_fae48f-c1 > .kt-inside-inner-col:before{border-top-left-radius:0px;border-top-right-radius:0px;border-bottom-right-radius:0px;border-bottom-left-radius:0px;}.kadence-column757_fae48f-c1 > .kt-inside-inner-col{column-gap:var(--global-kb-gap-sm, 1rem);}.kadence-column757_fae48f-c1 > .kt-inside-inner-col{flex-direction:column;}.kadence-column757_fae48f-c1 > .kt-inside-inner-col > .aligncenter{width:100%;}.kadence-column757_fae48f-c1 > .kt-inside-inner-col:before{opacity:0.3;}.kadence-column757_fae48f-c1{position:relative;}.kadence-column757_fae48f-c1, .kt-inside-inner-col > .kadence-column757_fae48f-c1:not(.specificity){margin-top:90px;margin-bottom:90px;}@media all and (max-width: 1024px){.kadence-column757_fae48f-c1 > .kt-inside-inner-col{flex-direction:column;justify-content:center;}}@media all and (max-width: 1024px){.kadence-column757_fae48f-c1, .kt-inside-inner-col > .kadence-column757_fae48f-c1:not(.specificity){margin-top:60px;margin-bottom:60px;}}@media all and (max-width: 767px){.kadence-column757_fae48f-c1 > .kt-inside-inner-col{flex-direction:column;justify-content:center;}.kadence-column757_fae48f-c1, .kt-inside-inner-col > .kadence-column757_fae48f-c1:not(.specificity){margin-top:40px;margin-bottom:40px;}}<\/style>\n<div class=\"wp-block-kadence-column kadence-column757_fae48f-c1\">\n<div class=\"kt-inside-inner-col\">\n<style>.kb-row-layout-id757_c9626e-9b > .kt-row-column-wrap{align-content:center;}:where(.kb-row-layout-id757_c9626e-9b > .kt-row-column-wrap) > .wp-block-kadence-column{justify-content:center;}.kb-row-layout-id757_c9626e-9b > .kt-row-column-wrap{column-gap:var(--global-kb-gap-md, 2rem);row-gap:var(--global-kb-gap-md, 2rem);padding-top:0px;padding-bottom:0px;grid-template-columns:minmax(0, calc(60% - ((var(--global-kb-gap-md, 2rem) * 1 )\/2)))minmax(0, calc(40% - ((var(--global-kb-gap-md, 2rem) * 1 )\/2)));}.kb-row-layout-id757_c9626e-9b > .kt-row-layout-overlay{opacity:0.30;}@media all and (max-width: 1024px){.kb-row-layout-id757_c9626e-9b > .kt-row-column-wrap{grid-template-columns:repeat(2, minmax(0, 1fr));}}@media all and (max-width: 767px){.kb-row-layout-id757_c9626e-9b > .kt-row-column-wrap{grid-template-columns:minmax(0, 1fr);}}<\/style><div class=\"kb-row-layout-wrap kb-row-layout-id757_c9626e-9b alignnone wp-block-kadence-rowlayout\"><div class=\"kt-row-column-wrap kt-has-2-columns kt-row-layout-equal kt-tab-layout-inherit kt-mobile-layout-row kt-row-valign-middle\">\n<style>.kadence-column757_c5680e-95 > .kt-inside-inner-col,.kadence-column757_c5680e-95 > .kt-inside-inner-col:before{border-top-left-radius:0px;border-top-right-radius:0px;border-bottom-right-radius:0px;border-bottom-left-radius:0px;}.kadence-column757_c5680e-95 > .kt-inside-inner-col{column-gap:var(--global-kb-gap-sm, 1rem);}.kadence-column757_c5680e-95 > .kt-inside-inner-col{flex-direction:column;}.kadence-column757_c5680e-95 > .kt-inside-inner-col > .aligncenter{width:100%;}.kadence-column757_c5680e-95 > .kt-inside-inner-col:before{opacity:0.3;}.kadence-column757_c5680e-95{position:relative;}@media all and (max-width: 1024px){.kadence-column757_c5680e-95 > .kt-inside-inner-col{flex-direction:column;justify-content:center;}}@media all and (max-width: 767px){.kadence-column757_c5680e-95 > .kt-inside-inner-col{flex-direction:column;justify-content:center;}}<\/style>\n<div class=\"wp-block-kadence-column kadence-column757_c33c72-97\">\n<div class=\"kt-inside-inner-col\">\n<h2 class=\"kt-adv-heading757_769bf5-7f wp-block-kadence-advancedheading\" data-kb-block=\"kb-adv-heading757_769bf5-7f\">\u00a0<\/h2>\n\n<\/div>\n<\/div>\n<\/div><\/div>\n\n<\/div>\n<\/div>\n\n<\/div>\n<\/div>\n<p>\n<\/p>\n<p><!-- \/wp:post-content --><\/p>\n","protected":false},"excerpt":{"rendered":"","protected":false},"author":1,"featured_media":0,"parent":0,"menu_order":12,"comment_status":"closed","ping_status":"closed","template":"","meta":{"_acf_changed":false,"inline_featured_image":false,"_kad_blocks_custom_css":"","_kad_blocks_head_custom_js":"","_kad_blocks_body_custom_js":"","_kad_blocks_footer_custom_js":"","footnotes":""},"class_list":["post-2279","page","type-page","status-publish","hentry"],"acf":[],"yoast_head":"<!-- This site is optimized with the Yoast SEO plugin v27.5 - https:\/\/yoast.com\/product\/yoast-seo-wordpress\/ -->\n<title>InfoPiek Onlineshop B2B\/B2C - InfoPiek<\/title>\n<meta name=\"description\" content=\"InfoPiek Onlineshop B2B\/B2C - Optymalizuj swoj\u0105 dzia\u0142alno\u015b\u0107 z naszymi programami \u2705 Zdob\u0105d\u017a przewag\u0119 konkurencyjn\u0105 - Sprawd\u017a nasz\u0105 ofert\u0119!\" \/>\n<meta name=\"robots\" content=\"index, follow, max-snippet:-1, max-image-preview:large, max-video-preview:-1\" \/>\n<link rel=\"canonical\" href=\"https:\/\/infopiek.pl\/de\/infopiek-onlineshop-b2b-b2c\/\" \/>\n<meta property=\"og:locale\" content=\"de_DE\" \/>\n<meta property=\"og:type\" content=\"article\" \/>\n<meta property=\"og:title\" content=\"InfoPiek Onlineshop B2B\/B2C - InfoPiek\" \/>\n<meta property=\"og:description\" content=\"InfoPiek Onlineshop B2B\/B2C - Optymalizuj swoj\u0105 dzia\u0142alno\u015b\u0107 z naszymi programami \u2705 Zdob\u0105d\u017a przewag\u0119 konkurencyjn\u0105 - Sprawd\u017a nasz\u0105 ofert\u0119!\" \/>\n<meta property=\"og:url\" content=\"https:\/\/infopiek.pl\/de\/infopiek-onlineshop-b2b-b2c\/\" \/>\n<meta property=\"og:site_name\" content=\"InfoPiek\" \/>\n<meta property=\"article:modified_time\" content=\"2024-01-30T13:01:53+00:00\" \/>\n<meta property=\"og:image\" content=\"https:\/\/infopiek.pl\/wp-content\/uploads\/2023\/09\/logo-ada-anti-fraud-1.svg\" \/>\n<meta name=\"twitter:card\" content=\"summary_large_image\" \/>\n<script type=\"application\/ld+json\" class=\"yoast-schema-graph\">{\"@context\":\"https:\\\/\\\/schema.org\",\"@graph\":[{\"@type\":\"WebPage\",\"@id\":\"https:\\\/\\\/infopiek.pl\\\/de\\\/infopiek-onlineshop-b2b-b2c\\\/\",\"url\":\"https:\\\/\\\/infopiek.pl\\\/de\\\/infopiek-onlineshop-b2b-b2c\\\/\",\"name\":\"InfoPiek Onlineshop B2B\\\/B2C - InfoPiek\",\"isPartOf\":{\"@id\":\"https:\\\/\\\/infopiek.pl\\\/de\\\/#website\"},\"primaryImageOfPage\":{\"@id\":\"https:\\\/\\\/infopiek.pl\\\/de\\\/infopiek-onlineshop-b2b-b2c\\\/#primaryimage\"},\"image\":{\"@id\":\"https:\\\/\\\/infopiek.pl\\\/de\\\/infopiek-onlineshop-b2b-b2c\\\/#primaryimage\"},\"thumbnailUrl\":\"https:\\\/\\\/infopiek.pl\\\/wp-content\\\/uploads\\\/2023\\\/09\\\/logo-ada-anti-fraud-1.svg\",\"datePublished\":\"2023-09-08T13:57:44+00:00\",\"dateModified\":\"2024-01-30T13:01:53+00:00\",\"description\":\"InfoPiek Onlineshop B2B\\\/B2C - Optymalizuj swoj\u0105 dzia\u0142alno\u015b\u0107 z naszymi programami \u2705 Zdob\u0105d\u017a przewag\u0119 konkurencyjn\u0105 - Sprawd\u017a nasz\u0105 ofert\u0119!\",\"breadcrumb\":{\"@id\":\"https:\\\/\\\/infopiek.pl\\\/de\\\/infopiek-onlineshop-b2b-b2c\\\/#breadcrumb\"},\"inLanguage\":\"de\",\"potentialAction\":[{\"@type\":\"ReadAction\",\"target\":[\"https:\\\/\\\/infopiek.pl\\\/de\\\/infopiek-onlineshop-b2b-b2c\\\/\"]}]},{\"@type\":\"ImageObject\",\"inLanguage\":\"de\",\"@id\":\"https:\\\/\\\/infopiek.pl\\\/de\\\/infopiek-onlineshop-b2b-b2c\\\/#primaryimage\",\"url\":\"https:\\\/\\\/infopiek.pl\\\/wp-content\\\/uploads\\\/2023\\\/09\\\/logo-ada-anti-fraud-1.svg\",\"contentUrl\":\"https:\\\/\\\/infopiek.pl\\\/wp-content\\\/uploads\\\/2023\\\/09\\\/logo-ada-anti-fraud-1.svg\"},{\"@type\":\"BreadcrumbList\",\"@id\":\"https:\\\/\\\/infopiek.pl\\\/de\\\/infopiek-onlineshop-b2b-b2c\\\/#breadcrumb\",\"itemListElement\":[{\"@type\":\"ListItem\",\"position\":1,\"name\":\"Strona g\u0142\u00f3wna\",\"item\":\"https:\\\/\\\/infopiek.pl\\\/de\\\/\"},{\"@type\":\"ListItem\",\"position\":2,\"name\":\"InfoPiek Onlineshop B2B\\\/B2C\"}]},{\"@type\":\"WebSite\",\"@id\":\"https:\\\/\\\/infopiek.pl\\\/de\\\/#website\",\"url\":\"https:\\\/\\\/infopiek.pl\\\/de\\\/\",\"name\":\"InfoPiek\",\"description\":\"Program dla piekarni i cukierni - Zam\u00f3w teraz! - InfoPiek - Najlepszy program do prowadzenia sklepu!\",\"potentialAction\":[{\"@type\":\"SearchAction\",\"target\":{\"@type\":\"EntryPoint\",\"urlTemplate\":\"https:\\\/\\\/infopiek.pl\\\/de\\\/?s={search_term_string}\"},\"query-input\":{\"@type\":\"PropertyValueSpecification\",\"valueRequired\":true,\"valueName\":\"search_term_string\"}}],\"inLanguage\":\"de\"}]}<\/script>\n<!-- \/ Yoast SEO plugin. -->","yoast_head_json":{"title":"InfoPiek Onlineshop B2B\/B2C - InfoPiek","description":"InfoPiek Onlineshop B2B\/B2C - Optymalizuj swoj\u0105 dzia\u0142alno\u015b\u0107 z naszymi programami \u2705 Zdob\u0105d\u017a przewag\u0119 konkurencyjn\u0105 - Sprawd\u017a nasz\u0105 ofert\u0119!","robots":{"index":"index","follow":"follow","max-snippet":"max-snippet:-1","max-image-preview":"max-image-preview:large","max-video-preview":"max-video-preview:-1"},"canonical":"https:\/\/infopiek.pl\/de\/infopiek-onlineshop-b2b-b2c\/","og_locale":"de_DE","og_type":"article","og_title":"InfoPiek Onlineshop B2B\/B2C - InfoPiek","og_description":"InfoPiek Onlineshop B2B\/B2C - Optymalizuj swoj\u0105 dzia\u0142alno\u015b\u0107 z naszymi programami \u2705 Zdob\u0105d\u017a przewag\u0119 konkurencyjn\u0105 - Sprawd\u017a nasz\u0105 ofert\u0119!","og_url":"https:\/\/infopiek.pl\/de\/infopiek-onlineshop-b2b-b2c\/","og_site_name":"InfoPiek","article_modified_time":"2024-01-30T13:01:53+00:00","og_image":[{"url":"https:\/\/infopiek.pl\/wp-content\/uploads\/2023\/09\/logo-ada-anti-fraud-1.svg","type":"","width":"","height":""}],"twitter_card":"summary_large_image","schema":{"@context":"https:\/\/schema.org","@graph":[{"@type":"WebPage","@id":"https:\/\/infopiek.pl\/de\/infopiek-onlineshop-b2b-b2c\/","url":"https:\/\/infopiek.pl\/de\/infopiek-onlineshop-b2b-b2c\/","name":"InfoPiek Onlineshop B2B\/B2C - InfoPiek","isPartOf":{"@id":"https:\/\/infopiek.pl\/de\/#website"},"primaryImageOfPage":{"@id":"https:\/\/infopiek.pl\/de\/infopiek-onlineshop-b2b-b2c\/#primaryimage"},"image":{"@id":"https:\/\/infopiek.pl\/de\/infopiek-onlineshop-b2b-b2c\/#primaryimage"},"thumbnailUrl":"https:\/\/infopiek.pl\/wp-content\/uploads\/2023\/09\/logo-ada-anti-fraud-1.svg","datePublished":"2023-09-08T13:57:44+00:00","dateModified":"2024-01-30T13:01:53+00:00","description":"InfoPiek Onlineshop B2B\/B2C - Optymalizuj swoj\u0105 dzia\u0142alno\u015b\u0107 z naszymi programami \u2705 Zdob\u0105d\u017a przewag\u0119 konkurencyjn\u0105 - Sprawd\u017a nasz\u0105 ofert\u0119!","breadcrumb":{"@id":"https:\/\/infopiek.pl\/de\/infopiek-onlineshop-b2b-b2c\/#breadcrumb"},"inLanguage":"de","potentialAction":[{"@type":"ReadAction","target":["https:\/\/infopiek.pl\/de\/infopiek-onlineshop-b2b-b2c\/"]}]},{"@type":"ImageObject","inLanguage":"de","@id":"https:\/\/infopiek.pl\/de\/infopiek-onlineshop-b2b-b2c\/#primaryimage","url":"https:\/\/infopiek.pl\/wp-content\/uploads\/2023\/09\/logo-ada-anti-fraud-1.svg","contentUrl":"https:\/\/infopiek.pl\/wp-content\/uploads\/2023\/09\/logo-ada-anti-fraud-1.svg"},{"@type":"BreadcrumbList","@id":"https:\/\/infopiek.pl\/de\/infopiek-onlineshop-b2b-b2c\/#breadcrumb","itemListElement":[{"@type":"ListItem","position":1,"name":"Strona g\u0142\u00f3wna","item":"https:\/\/infopiek.pl\/de\/"},{"@type":"ListItem","position":2,"name":"InfoPiek Onlineshop B2B\/B2C"}]},{"@type":"WebSite","@id":"https:\/\/infopiek.pl\/de\/#website","url":"https:\/\/infopiek.pl\/de\/","name":"InfoPiek","description":"Program dla piekarni i cukierni - Zam\u00f3w teraz! - InfoPiek - Najlepszy program do prowadzenia sklepu!","potentialAction":[{"@type":"SearchAction","target":{"@type":"EntryPoint","urlTemplate":"https:\/\/infopiek.pl\/de\/?s={search_term_string}"},"query-input":{"@type":"PropertyValueSpecification","valueRequired":true,"valueName":"search_term_string"}}],"inLanguage":"de"}]}},"taxonomy_info":[],"featured_image_src_large":false,"author_info":{"display_name":"kreacja","author_link":"https:\/\/infopiek.pl\/de\/author\/kreacja\/"},"comment_info":0,"_links":{"self":[{"href":"https:\/\/infopiek.pl\/de\/wp-json\/wp\/v2\/pages\/2279","targetHints":{"allow":["GET"]}}],"collection":[{"href":"https:\/\/infopiek.pl\/de\/wp-json\/wp\/v2\/pages"}],"about":[{"href":"https:\/\/infopiek.pl\/de\/wp-json\/wp\/v2\/types\/page"}],"author":[{"embeddable":true,"href":"https:\/\/infopiek.pl\/de\/wp-json\/wp\/v2\/users\/1"}],"replies":[{"embeddable":true,"href":"https:\/\/infopiek.pl\/de\/wp-json\/wp\/v2\/comments?post=2279"}],"version-history":[{"count":1,"href":"https:\/\/infopiek.pl\/de\/wp-json\/wp\/v2\/pages\/2279\/revisions"}],"predecessor-version":[{"id":2280,"href":"https:\/\/infopiek.pl\/de\/wp-json\/wp\/v2\/pages\/2279\/revisions\/2280"}],"wp:attachment":[{"href":"https:\/\/infopiek.pl\/de\/wp-json\/wp\/v2\/media?parent=2279"}],"curies":[{"name":"wp","href":"https:\/\/api.w.org\/{rel}","templated":true}]}}